{"id":3,"date":"2022-10-27T13:26:11","date_gmt":"2022-10-27T13:26:11","guid":{"rendered":"https:\/\/objective-herschel.217-160-209-117.plesk.page\/?page_id=3"},"modified":"2024-03-12T08:45:47","modified_gmt":"2024-03-12T08:45:47","slug":"politica-privacidad","status":"publish","type":"page","link":"https:\/\/lasaibilbao.com\/index.php\/politica-privacidad\/","title":{"rendered":"Pol\u00edtica de privacidad"},"content":{"rendered":"\t\t<div data-elementor-type=\"wp-page\" data-elementor-id=\"3\" class=\"elementor elementor-3\">\n\t\t\t\t\t\t<section class=\"elementor-section elementor-top-section elementor-element elementor-element-2b010bb6 elementor-section-boxed elementor-section-height-default elementor-section-height-default\" data-id=\"2b010bb6\" data-element_type=\"section\">\n\t\t\t\t\t\t<div class=\"elementor-container elementor-column-gap-default\">\n\t\t\t\t\t<div class=\"elementor-column elementor-col-100 elementor-top-column elementor-element elementor-element-6e565e69\" data-id=\"6e565e69\" data-element_type=\"column\">\n\t\t\t<div class=\"elementor-widget-wrap elementor-element-populated\">\n\t\t\t\t\t\t<div class=\"elementor-element elementor-element-2c6ee02c elementor-widget elementor-widget-text-editor\" data-id=\"2c6ee02c\" data-element_type=\"widget\" data-widget_type=\"text-editor.default\">\n\t\t\t\t<div class=\"elementor-widget-container\">\n\t\t\t\t\t\t\t\t\t<h2 align=\"center\">POL\u00cdTICA DE PRIVACIDAD<\/h2>\n<div>&nbsp;<\/div>\n<p class=\"MsoNormal\" style=\"margin: 0cm 0cm 11.25pt; font-size: 12pt; font-family: Calibri, sans-serif; color: #000000; font-weight: 400; letter-spacing: normal; text-align: justify;\"><span style=\"font-size: 11pt;\">A los efectos de lo previsto en el&nbsp;<i>REGLAMENTO (UE) 2016\/679 DEL PARLAMENTO EUROPEO Y DEL CONSEJO de 27 de abril de 2016 relativo a la protecci\u00f3n de las personas f\u00edsicas en lo que respecta al tratamiento de datos personales y a la libre circulaci\u00f3n de estos datos y por el que se deroga la Directiva 95\/46\/CE (Reglamento general de protecci\u00f3n de datos)<\/i>&nbsp;[\u201cRGPD\u201d] y en la&nbsp;<i>Ley Org\u00e1nica 3\/2018, de 5 de diciembre, de Protecci\u00f3n de Datos de Personales y Garant\u00eda de los Derechos Digitales&nbsp;<\/i>(\u201cLOPDPGDD\u201d) y su normativa de desarrollo, se le informa de que al aceptar el&nbsp;<i>check box<\/i>&nbsp;que se acompa\u00f1a usted autoriza expresamente que sus datos de car\u00e1cter personal, incluidos los relativos a su imagen y voz, sean incorporados para su tratamiento estrictamente confidencial en un fichero cuyo responsable es COMEDERE BILBAO, S.L. (en lo sucesivo, \u201cla compa\u00f1\u00eda\u201d), con NIF B-06.803.936, cuyo domicilio se encuentra ubicado en Bilbao (Bizkaia), en el Camino de la Ventosa, 46, 1\u00ba D, CP 48013, con la finalidad de gestionar su participaci\u00f3n en los servicios que presta la compa\u00f1\u00eda y\/ o en la adquisici\u00f3n de sus productos, llevar a cabo segmentaci\u00f3n de perfiles con la finalidad de mejorar y optimizar la experiencia asociada a tales eventos, as\u00ed como informarle de otros productos y servicios ofertados por la compa\u00f1\u00eda y el resto de las empresas del grupo LAST TOUR que se detallan m\u00e1s adelante.<\/span><\/p>\n<p class=\"MsoNormal\" style=\"margin: 0cm 0cm 11.25pt; font-size: 12pt; font-family: Calibri, sans-serif; color: #000000; font-weight: 400; letter-spacing: normal; text-align: justify;\"><span style=\"font-size: 11pt;\">Las bases jur\u00eddicas que legitiman el tratamiento de sus datos personales son:<\/span><\/p>\n<p class=\"MsoNormal\" style=\"margin: 0cm 0cm 7.5pt 1cm; font-size: 12pt; font-family: Calibri, sans-serif; color: #000000; font-weight: 400; letter-spacing: normal; text-align: justify; text-indent: -18pt;\"><span style=\"font-size: 10pt; font-family: Symbol;\">\u00b7<span style=\"font-variant-numeric: normal; font-variant-east-asian: normal; font-stretch: normal; font-size: 7pt; line-height: normal; font-family: 'Times New Roman';\"> &nbsp;<\/span><\/span><span style=\"font-size: 11pt;\">El cumplimiento de un contrato y\/o relaci\u00f3n comercial.<\/span><\/p>\n<p class=\"MsoNormal\" style=\"margin: 0cm 0cm 7.5pt 1cm; font-size: 12pt; font-family: Calibri, sans-serif; color: #000000; font-weight: 400; letter-spacing: normal; text-align: justify; text-indent: -18pt;\"><span style=\"font-size: 10pt; font-family: Symbol;\">\u00b7<span style=\"font-variant-numeric: normal; font-variant-east-asian: normal; font-stretch: normal; font-size: 7pt; line-height: normal; font-family: 'Times New Roman';\">&nbsp;&nbsp;&nbsp;&nbsp;&nbsp;&nbsp; <\/span><\/span><span style=\"font-size: 11pt;\">El consentimiento informado que nos otorga de manera expresa, libre e inequ\u00edvoca cuando acepta la presente POL\u00cdTICA DE PRIVACIDAD al enviarnos el formulario correspondiente.<\/span><\/p>\n<p class=\"MsoNormal\" style=\"margin: 0cm 0cm 7.5pt 1cm; font-size: 12pt; font-family: Calibri, sans-serif; color: #000000; font-weight: 400; letter-spacing: normal; text-align: justify; text-indent: -18pt;\"><span style=\"font-size: 10pt; font-family: Symbol;\">\u00b7<span style=\"font-variant-numeric: normal; font-variant-east-asian: normal; font-stretch: normal; font-size: 7pt; line-height: normal; font-family: 'Times New Roman';\">&nbsp;&nbsp;&nbsp;&nbsp;<\/span><\/span><span style=\"font-size: 11pt;\">Para el cumplimiento de distintas obligaciones legales que son de obligado cumplimiento para la compa\u00f1\u00eda.<\/span><\/p>\n<p class=\"MsoNormal\" style=\"margin: 0cm 0cm 7.5pt 1cm; font-size: 12pt; font-family: Calibri, sans-serif; color: #000000; font-weight: 400; letter-spacing: normal; text-align: justify; text-indent: -18pt;\"><span style=\"font-size: 10pt; font-family: Symbol;\">\u00b7<span style=\"font-variant-numeric: normal; font-variant-east-asian: normal; font-stretch: normal; font-size: 7pt; line-height: normal; font-family: 'Times New Roman';\">&nbsp;&nbsp;&nbsp;&nbsp;&nbsp;&nbsp; <\/span><\/span><span style=\"font-size: 11pt;\">Por inter\u00e9s leg\u00edtimo derivado de toda clase de motivos de seguridad, mejora de nuestros productos y servicios, gesti\u00f3n de sus solicitudes de informaci\u00f3n, reclamaciones y gesti\u00f3n del fraude.<\/span><\/p>\n<p class=\"MsoNormal\" style=\"margin: 0cm 0cm 11.25pt; font-size: 12pt; font-family: Calibri, sans-serif; color: #000000; font-weight: 400; letter-spacing: normal; text-align: justify;\"><span style=\"font-size: 11pt;\">Los datos que le solicitamos son adecuados, pertinentes y estrictamente necesarios para llevar a cabo las finalidades descritas. Usted tiene el derecho a retirar el consentimiento en cualquier momento, sin que ello afecte a la licitud del tratamiento basado en el consentimiento previo a su retirada. Tambi\u00e9n nos garantiza la autenticidad, exactitud y veracidad de toda la informaci\u00f3n que nos facilite, comprometi\u00e9ndose a mantener actualizados los datos que nos facilite de forma que los mismos respondan, en todo momento, a su situaci\u00f3n real; ser\u00e1 asimismo el \u00fanico responsable de las manifestaciones falsas o inexactas y de los perjuicios que las mismas pudieran causar.<\/span><\/p>\n<p class=\"MsoNormal\" style=\"margin: 0cm 0cm 11.25pt; font-size: 12pt; font-family: Calibri, sans-serif; color: #000000; font-weight: 400; letter-spacing: normal; text-align: justify;\"><span style=\"font-size: 11pt;\">Conservaremos los datos en tanto exista una relaci\u00f3n contractual o comercial con usted, o mientras usted no ejerza su derecho de supresi\u00f3n, cancelaci\u00f3n y\/o limitaci\u00f3n del tratamiento de datos; terminado dicho plazo de conservaci\u00f3n, la compa\u00f1\u00eda eliminar\u00e1, destruir\u00e1, bloquear\u00e1 o seudonimizar\u00e1 sus datos personales. En el supuesto del bloqueo, siempre se mantendr\u00e1 su informaci\u00f3n sin darle ning\u00fan uso ni efectuar ning\u00fan tratamiento, mientras pueda ser necesaria dicha informaci\u00f3n para el ejercicio de reclamaciones o pueda derivarse alg\u00fan tipo de responsablidad judicial, legal, o contractual de su tratamiento que deba ser atendida y para cuya raz\u00f3n sea necesario proceder a su recuperaci\u00f3n.<\/span><\/p>\n<h2 class=\"MsoNormal\" style=\"margin: 56.25pt 0cm 22.5pt; font-size: 12pt; font-family: Calibri, sans-serif; color: #000000; letter-spacing: normal; text-align: justify;\"><span style=\"font-size: 11pt; text-transform: uppercase;\">CESIONES DE DATOS<\/span><\/h2>\n<p class=\"MsoNormal\" style=\"margin: 0cm 0cm 11.25pt; font-size: 12pt; font-family: Calibri, sans-serif; color: #000000; font-weight: 400; letter-spacing: normal; text-align: justify;\"><span style=\"font-size: 11pt;\">Aquellos datos que nos facilite podr\u00e1n ser cedidos a las siguientes sociedades del grupo LAST TOUR para la correcta gesti\u00f3n de los servicios antes indicados, as\u00ed como para informarle de los productos y servicios que puedan ofertarse en un futuro:<\/span><\/p>\n<p class=\"MsoNormal\" style=\"margin: 0cm 0cm 7.5pt 21.3pt; font-size: 12pt; font-family: Calibri, sans-serif; color: #000000; font-weight: 400; letter-spacing: normal; text-align: justify; text-indent: -18pt;\"><span lang=\"EN-US\" style=\"font-size: 11pt;\">1.<span style=\"font-variant-numeric: normal; font-variant-east-asian: normal; font-stretch: normal; font-size: 7pt; line-height: normal; font-family: 'Times New Roman';\">&nbsp;&nbsp;&nbsp;&nbsp; <\/span><\/span><span lang=\"EN-US\" style=\"font-size: 11pt;\">LAST TOUR CONCERTS, S.L.<\/span><\/p>\n<p class=\"MsoNormal\" style=\"margin: 0cm 0cm 7.5pt 21.3pt; font-size: 12pt; font-family: Calibri, sans-serif; color: #000000; font-weight: 400; letter-spacing: normal; text-align: justify; text-indent: -18pt;\"><span style=\"font-size: 11pt;\">2.<span style=\"font-variant-numeric: normal; font-variant-east-asian: normal; font-stretch: normal; font-size: 7pt; line-height: normal; font-family: 'Times New Roman';\">&nbsp;&nbsp;&nbsp;&nbsp; <\/span><\/span><span style=\"font-size: 11pt;\">As\u00ed como a cualquier otra entidad, integrada igualmente en el grupo LAST TOUR, y\/o que sustituya a cualquiera o cualesquiera de las anteriores.<\/span><\/p>\n<p class=\"MsoNormal\" style=\"margin: 0cm 0cm 11.25pt; font-size: 12pt; font-family: Calibri, sans-serif; color: #000000; font-weight: 400; letter-spacing: normal; text-align: justify;\"><span style=\"font-size: 11pt;\">Si paga con tarjeta de cr\u00e9dito, los datos se codificar\u00e1n y transferir\u00e1n a nuestros socios de pago. Cualquier dato personal sobre usted ser\u00e1 \u00fanicamente usado internamente dentro del grupo LAST TOUR y no se ceder\u00e1 a compa\u00f1\u00edas y entidades terceras al margen de las aqu\u00ed expresadas.<\/span><\/p>\n<p class=\"MsoNormal\" style=\"margin: 0cm 0cm 11.25pt; font-size: 12pt; font-family: Calibri, sans-serif; color: #000000; font-weight: 400; letter-spacing: normal; text-align: justify;\"><span style=\"font-size: 11pt;\">Por \u00faltimo, en el caso de que nos remita un&nbsp;<i>curriculum vitae<\/i>&nbsp;para la solicitud de empleo, este pasar\u00e1 a formar parte de un fichero cuya titularidad corresponder\u00e1 a la compa\u00f1\u00eda. La finalidad del fichero es la selecci\u00f3n de personal y al enviarnos espont\u00e1neamente dicha informaci\u00f3n nos est\u00e1 otorgando su consentimiento expreso para que sus datos est\u00e9n disponibles en futuros procesos de contrataci\u00f3n o selecci\u00f3n de personal. Adem\u00e1s, dichos datos podr\u00e1n ser cedidos a LAST TOUR CONCERTS, S.L., as\u00ed como a cualquier otra entidad, integrada igualmente en el grupo LAST TOUR, y\/o que sustituya a cualquiera o cualesquiera de las anteriores con la misma finalidad.<\/span><\/p>\n<p class=\"MsoNormal\" style=\"margin: 56.25pt 0cm 22.5pt; font-size: 12pt; font-family: Calibri, sans-serif; color: #000000; letter-spacing: normal; text-align: justify;\"><span style=\"font-size: 11pt; text-transform: uppercase;\"><b>EJERCICIO DE DERECHOS<\/b><\/span><\/p>\n<p class=\"MsoNormal\" style=\"margin: 0cm 0cm 11.25pt; font-size: 12pt; font-family: Calibri, sans-serif; color: #000000; font-weight: 400; letter-spacing: normal; text-align: justify;\"><span style=\"font-size: 11pt;\">Podr\u00e1 ejercer los derechos de acceso, rectificaci\u00f3n o supresi\u00f3n, limitaci\u00f3n al tratamiento, cancelaci\u00f3n u oposici\u00f3n, as\u00ed como su derecho a la portabilidad, en la compa\u00f1\u00eda, Camino de la Ventosa, 46, 1\u00ba D, CP 48013 de Bilbao (Bizkaia). Igualmente, usted tendr\u00e1 derecho a presentar una reclamaci\u00f3n ante la Agencia Espa\u00f1ola de Protecci\u00f3n de Datos. El ejercicio de sus derechos contemplados en la legislaci\u00f3n de protecci\u00f3n de datos podr\u00e1 realizarse en los idiomas euskera, espa\u00f1ol e ingl\u00e9s.<\/span><\/p>\n<p class=\"MsoNormal\" style=\"margin: 56.25pt 0cm 22.5pt; font-size: 12pt; font-family: Calibri, sans-serif; color: rgb(0, 0, 0); letter-spacing: normal; text-align: justify;\"><span style=\"font-size: 11pt; text-transform: uppercase;\"><b>MEDIDAS DE SEGURIDAD<\/b><\/span><\/p>\n<p class=\"MsoNormal\" style=\"margin: 0cm 0cm 11.25pt; font-size: 12pt; font-family: Calibri, sans-serif; color: #000000; font-weight: 400; letter-spacing: normal; text-align: justify;\"><span style=\"font-size: 11pt;\">Con el objetivo de salvaguardar la seguridad de sus datos personales, le informamos que la compa\u00f1\u00eda ha adoptado todas las medidas de \u00edndole t\u00e9cnica y organizativa necesarias para garantizar la seguridad inform\u00e1tica de los datos personales suministrados, incluidas (entre otras):<\/span><\/p>\n<p class=\"MsoNormal\" style=\"margin: 0cm 0cm 7.5pt 21.3pt; font-size: 12pt; font-family: Calibri, sans-serif; color: #000000; font-weight: 400; letter-spacing: normal; text-align: justify; text-indent: -18pt;\"><span style=\"font-size: 11pt;\">1.<span style=\"font-variant-numeric: normal; font-variant-east-asian: normal; font-stretch: normal; font-size: 7pt; line-height: normal; font-family: 'Times New Roman';\">&nbsp;&nbsp;&nbsp;&nbsp; <\/span><\/span><span style=\"font-size: 11pt;\">La seudonimizaci\u00f3n y el cifrado de datos personales cuando corresponda.<\/span><\/p>\n<p class=\"MsoNormal\" style=\"margin: 0cm 0cm 7.5pt 21.3pt; font-size: 12pt; font-family: Calibri, sans-serif; color: #000000; font-weight: 400; letter-spacing: normal; text-align: justify; text-indent: -18pt;\"><span style=\"font-size: 11pt;\">2.<span style=\"font-variant-numeric: normal; font-variant-east-asian: normal; font-stretch: normal; font-size: 7pt; line-height: normal; font-family: 'Times New Roman';\">&nbsp;&nbsp;&nbsp;&nbsp; <\/span><\/span><span style=\"font-size: 11pt;\">La capacidad de garantizar la confidencialidad, integridad, disponibilidad y resiliencia permanentes de los sistemas y servicios de tratamiento.<\/span><\/p>\n<p class=\"MsoNormal\" style=\"margin: 0cm 0cm 7.5pt 21.3pt; font-size: 12pt; font-family: Calibri, sans-serif; color: #000000; font-weight: 400; letter-spacing: normal; text-align: justify; text-indent: -18pt;\"><span style=\"font-size: 11pt;\">3.<span style=\"font-variant-numeric: normal; font-variant-east-asian: normal; font-stretch: normal; font-size: 7pt; line-height: normal; font-family: 'Times New Roman';\">&nbsp;&nbsp;&nbsp;&nbsp; <\/span><\/span><span style=\"font-size: 11pt;\">La capacidad de restaurar la disponibilidad y al acceso a los datos personales de forma r\u00e1pida, en caso de incidente f\u00edsico o t\u00e9cnico.<\/span><\/p>\n<p class=\"MsoNormal\" style=\"margin: 0cm 0cm 7.5pt 21.3pt; font-size: 12pt; font-family: Calibri, sans-serif; color: #000000; font-weight: 400; letter-spacing: normal; text-align: justify; text-indent: -18pt;\"><span style=\"font-size: 11pt;\">4.<span style=\"font-variant-numeric: normal; font-variant-east-asian: normal; font-stretch: normal; font-size: 7pt; line-height: normal; font-family: 'Times New Roman';\">&nbsp;&nbsp;&nbsp;&nbsp; <\/span><\/span><span style=\"font-size: 11pt;\">Un proceso de verificaci\u00f3n, evaluaci\u00f3n y valoraci\u00f3n regulares de la eficacia de las medidas t\u00e9cnicas y organizativas para garantizar la seguridad del tratamiento.<\/span><\/p>\n<p class=\"MsoNormal\" style=\"margin: 0cm; font-size: 12pt; font-family: Calibri, sans-serif; color: #000000; font-weight: 400; letter-spacing: normal; text-align: justify;\"><span style=\"font-size: 11pt;\">&nbsp;<\/span><\/p>\n<p><!-- \/wp:paragraph --><\/p>\t\t\t\t\t\t\t\t<\/div>\n\t\t\t\t<\/div>\n\t\t\t\t\t<\/div>\n\t\t<\/div>\n\t\t\t\t\t<\/div>\n\t\t<\/section>\n\t\t\t\t<\/div>\n\t\t","protected":false},"excerpt":{"rendered":"<p>POL\u00cdTICA DE PRIVACIDAD &nbsp; A los efectos de lo previsto en el&nbsp;REGLAMENTO (UE) 2016\/679 DEL PARLAMENTO EUROPEO Y DEL CONSEJO de 27 de abril de [&hellip;]<\/p>\n","protected":false},"author":1,"featured_media":0,"parent":0,"menu_order":0,"comment_status":"closed","ping_status":"closed","template":"","meta":{"novablocks_hero_scroll_indicator":false,"novablocks_hero_position_indicators":false,"supernova_prevent_duplicate":false,"footnotes":""},"class_list":["post-3","page","type-page","status-publish","hentry"],"yoast_head":"<!-- This site is optimized with the Yoast SEO plugin v26.4 - https:\/\/yoast.com\/wordpress\/plugins\/seo\/ -->\n<title>Pol\u00edtica de privacidad - Lasai Restaurante<\/title>\n<meta name=\"robots\" content=\"noindex, follow\" \/>\n<meta property=\"og:locale\" content=\"es_ES\" \/>\n<meta property=\"og:type\" content=\"article\" \/>\n<meta property=\"og:title\" content=\"Pol\u00edtica de privacidad - Lasai Restaurante\" \/>\n<meta property=\"og:description\" content=\"POL\u00cdTICA DE PRIVACIDAD &nbsp; A los efectos de lo previsto en el&nbsp;REGLAMENTO (UE) 2016\/679 DEL PARLAMENTO EUROPEO Y DEL CONSEJO de 27 de abril de [&hellip;]\" \/>\n<meta property=\"og:url\" content=\"https:\/\/lasaibilbao.com\/index.php\/politica-privacidad\/\" \/>\n<meta property=\"og:site_name\" content=\"Lasai Restaurante\" \/>\n<meta property=\"article:modified_time\" content=\"2024-03-12T08:45:47+00:00\" \/>\n<meta name=\"twitter:card\" content=\"summary_large_image\" \/>\n<meta name=\"twitter:site\" content=\"@lasaibilbao\" \/>\n<meta name=\"twitter:label1\" content=\"Tiempo de lectura\" \/>\n\t<meta name=\"twitter:data1\" content=\"5 minutos\" \/>\n<script type=\"application\/ld+json\" class=\"yoast-schema-graph\">{\"@context\":\"https:\/\/schema.org\",\"@graph\":[{\"@type\":\"WebPage\",\"@id\":\"https:\/\/lasaibilbao.com\/index.php\/politica-privacidad\/\",\"url\":\"https:\/\/lasaibilbao.com\/index.php\/politica-privacidad\/\",\"name\":\"Pol\u00edtica de privacidad - Lasai Restaurante\",\"isPartOf\":{\"@id\":\"https:\/\/lasaibilbao.com\/#website\"},\"datePublished\":\"2022-10-27T13:26:11+00:00\",\"dateModified\":\"2024-03-12T08:45:47+00:00\",\"breadcrumb\":{\"@id\":\"https:\/\/lasaibilbao.com\/index.php\/politica-privacidad\/#breadcrumb\"},\"inLanguage\":\"es\",\"potentialAction\":[{\"@type\":\"ReadAction\",\"target\":[\"https:\/\/lasaibilbao.com\/index.php\/politica-privacidad\/\"]}]},{\"@type\":\"BreadcrumbList\",\"@id\":\"https:\/\/lasaibilbao.com\/index.php\/politica-privacidad\/#breadcrumb\",\"itemListElement\":[{\"@type\":\"ListItem\",\"position\":1,\"name\":\"Portada\",\"item\":\"https:\/\/lasaibilbao.com\/\"},{\"@type\":\"ListItem\",\"position\":2,\"name\":\"Pol\u00edtica de privacidad\"}]},{\"@type\":\"WebSite\",\"@id\":\"https:\/\/lasaibilbao.com\/#website\",\"url\":\"https:\/\/lasaibilbao.com\/\",\"name\":\"Lasai Restaurante\",\"description\":\"Bilbao\",\"publisher\":{\"@id\":\"https:\/\/lasaibilbao.com\/#organization\"},\"potentialAction\":[{\"@type\":\"SearchAction\",\"target\":{\"@type\":\"EntryPoint\",\"urlTemplate\":\"https:\/\/lasaibilbao.com\/?s={search_term_string}\"},\"query-input\":{\"@type\":\"PropertyValueSpecification\",\"valueRequired\":true,\"valueName\":\"search_term_string\"}}],\"inLanguage\":\"es\"},{\"@type\":\"Organization\",\"@id\":\"https:\/\/lasaibilbao.com\/#organization\",\"name\":\"Lasai Restaurante Bilbao\",\"url\":\"https:\/\/lasaibilbao.com\/\",\"logo\":{\"@type\":\"ImageObject\",\"inLanguage\":\"es\",\"@id\":\"https:\/\/lasaibilbao.com\/#\/schema\/logo\/image\/\",\"url\":\"https:\/\/lasaibilbao.com\/wp-content\/uploads\/2022\/10\/cropped-LASAI-REST-NEGRO-1.png\",\"contentUrl\":\"https:\/\/lasaibilbao.com\/wp-content\/uploads\/2022\/10\/cropped-LASAI-REST-NEGRO-1.png\",\"width\":2260,\"height\":675,\"caption\":\"Lasai Restaurante Bilbao\"},\"image\":{\"@id\":\"https:\/\/lasaibilbao.com\/#\/schema\/logo\/image\/\"},\"sameAs\":[\"https:\/\/x.com\/lasaibilbao\",\"https:\/\/instagram.com\/lasaibilbao\"]}]}<\/script>\n<!-- \/ Yoast SEO plugin. -->","yoast_head_json":{"title":"Pol\u00edtica de privacidad - Lasai Restaurante","robots":{"index":"noindex","follow":"follow"},"og_locale":"es_ES","og_type":"article","og_title":"Pol\u00edtica de privacidad - Lasai Restaurante","og_description":"POL\u00cdTICA DE PRIVACIDAD &nbsp; A los efectos de lo previsto en el&nbsp;REGLAMENTO (UE) 2016\/679 DEL PARLAMENTO EUROPEO Y DEL CONSEJO de 27 de abril de [&hellip;]","og_url":"https:\/\/lasaibilbao.com\/index.php\/politica-privacidad\/","og_site_name":"Lasai Restaurante","article_modified_time":"2024-03-12T08:45:47+00:00","twitter_card":"summary_large_image","twitter_site":"@lasaibilbao","twitter_misc":{"Tiempo de lectura":"5 minutos"},"schema":{"@context":"https:\/\/schema.org","@graph":[{"@type":"WebPage","@id":"https:\/\/lasaibilbao.com\/index.php\/politica-privacidad\/","url":"https:\/\/lasaibilbao.com\/index.php\/politica-privacidad\/","name":"Pol\u00edtica de privacidad - Lasai Restaurante","isPartOf":{"@id":"https:\/\/lasaibilbao.com\/#website"},"datePublished":"2022-10-27T13:26:11+00:00","dateModified":"2024-03-12T08:45:47+00:00","breadcrumb":{"@id":"https:\/\/lasaibilbao.com\/index.php\/politica-privacidad\/#breadcrumb"},"inLanguage":"es","potentialAction":[{"@type":"ReadAction","target":["https:\/\/lasaibilbao.com\/index.php\/politica-privacidad\/"]}]},{"@type":"BreadcrumbList","@id":"https:\/\/lasaibilbao.com\/index.php\/politica-privacidad\/#breadcrumb","itemListElement":[{"@type":"ListItem","position":1,"name":"Portada","item":"https:\/\/lasaibilbao.com\/"},{"@type":"ListItem","position":2,"name":"Pol\u00edtica de privacidad"}]},{"@type":"WebSite","@id":"https:\/\/lasaibilbao.com\/#website","url":"https:\/\/lasaibilbao.com\/","name":"Lasai Restaurante","description":"Bilbao","publisher":{"@id":"https:\/\/lasaibilbao.com\/#organization"},"potentialAction":[{"@type":"SearchAction","target":{"@type":"EntryPoint","urlTemplate":"https:\/\/lasaibilbao.com\/?s={search_term_string}"},"query-input":{"@type":"PropertyValueSpecification","valueRequired":true,"valueName":"search_term_string"}}],"inLanguage":"es"},{"@type":"Organization","@id":"https:\/\/lasaibilbao.com\/#organization","name":"Lasai Restaurante Bilbao","url":"https:\/\/lasaibilbao.com\/","logo":{"@type":"ImageObject","inLanguage":"es","@id":"https:\/\/lasaibilbao.com\/#\/schema\/logo\/image\/","url":"https:\/\/lasaibilbao.com\/wp-content\/uploads\/2022\/10\/cropped-LASAI-REST-NEGRO-1.png","contentUrl":"https:\/\/lasaibilbao.com\/wp-content\/uploads\/2022\/10\/cropped-LASAI-REST-NEGRO-1.png","width":2260,"height":675,"caption":"Lasai Restaurante Bilbao"},"image":{"@id":"https:\/\/lasaibilbao.com\/#\/schema\/logo\/image\/"},"sameAs":["https:\/\/x.com\/lasaibilbao","https:\/\/instagram.com\/lasaibilbao"]}]}},"_links":{"self":[{"href":"https:\/\/lasaibilbao.com\/index.php\/wp-json\/wp\/v2\/pages\/3","targetHints":{"allow":["GET"]}}],"collection":[{"href":"https:\/\/lasaibilbao.com\/index.php\/wp-json\/wp\/v2\/pages"}],"about":[{"href":"https:\/\/lasaibilbao.com\/index.php\/wp-json\/wp\/v2\/types\/page"}],"author":[{"embeddable":true,"href":"https:\/\/lasaibilbao.com\/index.php\/wp-json\/wp\/v2\/users\/1"}],"replies":[{"embeddable":true,"href":"https:\/\/lasaibilbao.com\/index.php\/wp-json\/wp\/v2\/comments?post=3"}],"version-history":[{"count":7,"href":"https:\/\/lasaibilbao.com\/index.php\/wp-json\/wp\/v2\/pages\/3\/revisions"}],"predecessor-version":[{"id":2966,"href":"https:\/\/lasaibilbao.com\/index.php\/wp-json\/wp\/v2\/pages\/3\/revisions\/2966"}],"wp:attachment":[{"href":"https:\/\/lasaibilbao.com\/index.php\/wp-json\/wp\/v2\/media?parent=3"}],"curies":[{"name":"wp","href":"https:\/\/api.w.org\/{rel}","templated":true}]}}