{"id":2956,"date":"2023-01-18T12:38:11","date_gmt":"2023-01-18T12:38:11","guid":{"rendered":"https:\/\/lasaibilbao.com\/?page_id=2956"},"modified":"2024-03-12T08:40:34","modified_gmt":"2024-03-12T08:40:34","slug":"aviso-legal","status":"publish","type":"page","link":"https:\/\/lasaibilbao.com\/index.php\/aviso-legal\/","title":{"rendered":"Aviso legal y condiciones de uso"},"content":{"rendered":"\t\t<div data-elementor-type=\"wp-page\" data-elementor-id=\"2956\" class=\"elementor elementor-2956\">\n\t\t\t\t\t\t<section class=\"elementor-section elementor-top-section elementor-element elementor-element-8dbd933 elementor-section-boxed elementor-section-height-default elementor-section-height-default\" data-id=\"8dbd933\" data-element_type=\"section\">\n\t\t\t\t\t\t<div class=\"elementor-container elementor-column-gap-default\">\n\t\t\t\t\t<div class=\"elementor-column elementor-col-100 elementor-top-column elementor-element elementor-element-b0c6e48\" data-id=\"b0c6e48\" data-element_type=\"column\">\n\t\t\t<div class=\"elementor-widget-wrap elementor-element-populated\">\n\t\t\t\t\t\t<div class=\"elementor-element elementor-element-d9603bb elementor-widget elementor-widget-heading\" data-id=\"d9603bb\" data-element_type=\"widget\" data-widget_type=\"heading.default\">\n\t\t\t\t<div class=\"elementor-widget-container\">\n\t\t\t\t\t<h2 class=\"elementor-heading-title elementor-size-default\">AVISO LEGAL Y CONDICIONES DE USO<\/h2>\t\t\t\t<\/div>\n\t\t\t\t<\/div>\n\t\t\t\t<div class=\"elementor-element elementor-element-a48cbf4 elementor-widget elementor-widget-text-editor\" data-id=\"a48cbf4\" data-element_type=\"widget\" data-widget_type=\"text-editor.default\">\n\t\t\t\t<div class=\"elementor-widget-container\">\n\t\t\t\t\t\t\t\t\t<h4>OBJETO Y \u00c1MBITO DE APLICACI\u00d3N<\/h4>\n<div>&nbsp;<\/div>\n<p><\/p>\n<p>Este texto (en lo sucesivo, el \u201caviso legal\u201d) establece las condiciones de uso de la p\u00e1gina web&nbsp;<a href=\"https:\/\/www.lasaibilbao.com\">https:\/\/www.lasaibilbao.com<\/a>&nbsp;(en lo sucesivo, la \u201cp\u00e1gina web\u201d).<\/p>\n<p><\/p>\n<p>La p\u00e1gina web es titularidad y est\u00e1 gestionada por COMEDERE BILBAO, S.L., con domicilio social en Camino de la Ventosa, 46, 1\u00ba D, CP 48013 de Bilbao y con N.I.F. B-06.803.936 (en lo sucesivo, \u201cel titular\u201d).<\/p><p><br><\/p>\n<p><\/p>\n<p>El acceso a la misma confiere al visitante la condici\u00f3n de usuario (en lo sucesivo, el \u201cusuario\u201d), lo cual implica la aceptaci\u00f3n y compromiso de cumplimiento, por su parte, de todas y cada una de las condiciones contenidas en este aviso legal, en la versi\u00f3n que se encuentre publicada en el momento en que tenga lugar el acceso.<\/p><p><br><\/p>\n<p><\/p>\n<p>El presente aviso legal ser\u00e1 de aplicaci\u00f3n a todas aquellas p\u00e1ginas que figuran dentro del mapa web, que son las \u00fanicas comprendidas en esta p\u00e1gina web y ser\u00e1 aplicable sin perjuicio de las condiciones particulares que pudieran aplicarse para determinados y concretos servicios del sitio web.<\/p><p><br><\/p>\n<p><\/p>\n<p>El titular podr\u00e1 recopilar la direcci\u00f3n IP del usuario, as\u00ed como los datos de navegaci\u00f3n dentro del sitio web, con el fin de identificar posibles usos fraudulentos del sitio web, as\u00ed como adaptar el contenido, la oferta y la navegaci\u00f3n de cada usuario, para mejorar su experiencia en el sitio web.<\/p><p><br><\/p>\n<p><\/p>\n<p>El titular se reserva el derecho a modificar, en todo o en parte, en cualquier momento y sin necesidad de preaviso de ning\u00fan tipo este aviso legal. Dichas variaciones producir\u00e1n, en su caso, efectos desde el mismo momento de su publicaci\u00f3n. Las condiciones de uso vigentes ser\u00e1n las que se encuentren publicadas en cada momento en este aviso legal, por lo que ser\u00e1 responsabilidad exclusivamente del usuario consultar regularmente su contenido para conocer la versi\u00f3n actualizada.<\/p><p><br><\/p><p><br><\/p>\n<p><\/p>\n<h4>NAVEGACI\u00d3N<\/h4>\n<div>&nbsp;<\/div>\n<p><\/p>\n<p>El acceso a esta p\u00e1gina web es responsabilidad exclusiva del usuario, que debe realizar un uso l\u00edcito de la misma, de acuerdo con el presente aviso legal y con la legalidad vigente en cada momento.<\/p><p><br><\/p>\n<p><\/p>\n<p>El titular no se responsabiliza ni garantiza que el acceso a la p\u00e1gina web sea ininterrumpido, que est\u00e9 libre de errores o que pueda causar alg\u00fan da\u00f1o. En ning\u00fan caso, el titular ser\u00e1 responsable por las p\u00e9rdidas, da\u00f1os o perjuicios, de cualquier tipo, que surjan o puedan derivarse del acceso y navegaci\u00f3n por la p\u00e1gina web, incluy\u00e9ndose pero no limit\u00e1ndose, a los ocasionados a los sistemas inform\u00e1ticos o los provocados por la introducci\u00f3n de virus; ni se hace responsable en modo alguno de las ca\u00eddas, interrupciones, falta o defecto de las telecomunicaciones que pudieran ocurrir mientras el Usuario navega por ella.<\/p>\n<p><\/p>\n<h4>&nbsp;<\/h4>\n<h4>PROPIEDAD INTELECTUAL E INDUSTRIAL<\/h4>\n<div>&nbsp;<\/div>\n<p>La totalidad de este sitio web, es decir tanto los textos como los elementos gr\u00e1ficos asociados al mismo (dise\u00f1o, c\u00f3digo fuente, marcas, logos, fotograf\u00edas, botones, combinaciones de colores, y en general cualquier elemento que constituya una creaci\u00f3n intelectual novedosa) as\u00ed como su presentaci\u00f3n, estructura, ordenaci\u00f3n, configuraci\u00f3n, y montaje, que constituyen la p\u00e1gina web y\/o que son difundidos a trav\u00e9s de ella, son titularidad exclusiva o se encuentran licenciados al titular, y se encuentran protegidos por la Ley de Propiedad Intelectual. No podr\u00e1n ser objeto de explotaci\u00f3n, reproducci\u00f3n, distribuci\u00f3n, modificaci\u00f3n, comunicaci\u00f3n p\u00fablica, cesi\u00f3n o transformaci\u00f3n, salvo que medie autorizaci\u00f3n expresa del indicado titular o titulares de los derechos.<\/p><p><br><\/p>\n<p><\/p>\n<p>El acceso a esta p\u00e1gina web no otorga a los usuarios prerrogativa, ni titularidad alguna sobre los derechos de propiedad intelectual o industrial y\/o los contenidos que alberga.<\/p><p><br><\/p>\n<p><\/p>\n<p>Los usuarios que accedan a esta p\u00e1gina web no podr\u00e1n copiar, modificar, distribuir, transmitir, reproducir, publicar, ceder, ni vender los elementos anteriormente mencionados o crear nuevos productos o servicios derivados de la informaci\u00f3n obtenida, sin previa autorizaci\u00f3n expresa y por escrito del titular.<\/p><p><br><\/p>\n<p><\/p>\n<p>Queda terminantemente prohibida la alteraci\u00f3n del contenido o estructura de esta p\u00e1gina web por parte del usuario.<\/p><p><br><\/p>\n<p><\/p>\n<p>El titular se reserva la posibilidad de ejercer las acciones judiciales que correspondan contra quienes violen o infrinjan los derechos de propiedad intelectual e industrial relativos a la p\u00e1gina web.<\/p><p><br><\/p><p><br><\/p>\n<p><\/p>\n<h4><b>ENLACES<\/b><\/h4>\n<p><b>&nbsp;<\/b><\/p>\n<p><\/p>\n<p><b>ENLACES A OTRAS P\u00c1GINAS WEB<\/b><\/p><p><b><br><\/b><\/p>\n<p>La p\u00e1gina web podr\u00e1 incorporar enlaces de acceso (hiperv\u00ednculos o links) a otras p\u00e1ginas web que corresponden a terceros y de las que el titular no sea titular. En ning\u00fan caso, dicha posibilidad implicar\u00e1 la existencia de relaci\u00f3n entre el titular de esta p\u00e1gina web y el titular de la p\u00e1gina web a la que dicho hiperv\u00ednculo redirige, ni siquiera la aprobaci\u00f3n o aceptaci\u00f3n de su contenido.<\/p>\n<p>El titular no asume ning\u00fan tipo de responsabilidad por ning\u00fan aspecto relativo al sitio web al que se establece un enlace desde la p\u00e1gina web, en concreto, a t\u00edtulo enunciativo y no taxativo, sobre su funcionamiento, acceso, datos, informaci\u00f3n, archivos, calidad y fiabilidad de sus productos y servicios, sus propios enlaces y\/o cualquiera de sus contenidos, en general.<\/p><p><br><\/p><p><br><\/p>\n<p><\/p>\n<p><b>ENLACES EN OTROS SITIOS WEB CON DESTINO A LA P\u00c1GINA WEB<\/b><\/p><p><br><\/p>\n<p>Si cualquier usuario, entidad o sitio web deseara establecer alg\u00fan tipo de enlace con destino a la p\u00e1gina web, deber\u00e1 atender a las siguientes estipulaciones:<\/p>\n<p><\/p>\n<ul>\n<li>El enlace solamente se dirigir\u00e1 a la p\u00e1gina principal o home de la p\u00e1gina web. En ning\u00fan caso alguno estar\u00e1n permitidos los deep-links.<\/li>\n<li>El enlace debe ser absoluto y completo, es decir, debe llevar al usuario, mediante un click, a la propia direcci\u00f3n URL de la p\u00e1gina web, y debe abarcar completamente toda la extensi\u00f3n de la pantalla de la p\u00e1gina principal de la p\u00e1gina web. En ning\u00fan caso, salvo que el titular lo autorice de manera expresa y por escrito, el sitio web que realiza el enlace podr\u00e1 reproducir, de cualquier manera, la p\u00e1gina web, incluirla como parte de su web o dentro de uno de sus frames o crear un browser sobre cualquiera de las p\u00e1ginas de la p\u00e1gina web.<\/li>\n<li>En la p\u00e1gina que establece el enlace no se podr\u00e1 declarar de ninguna manera que el titular ha autorizado tal enlace, salvo que el titular lo haya hecho expresamente y por escrito. Si la persona o entidad que realiza el enlace desde su portal a la p\u00e1gina web deseara incluir en su p\u00e1gina web la marca, denominaci\u00f3n, nombre comercial, r\u00f3tulo, logotipo, slogan o cualquier otro tipo de elemento identificativo del titular y\/o de la p\u00e1gina web, deber\u00e1 contar previamente con su autorizaci\u00f3n expresa y por escrito.<\/li>\n<\/ul>\n<div>&nbsp;<\/div>\n<p><\/p>\n<ul>\n<li>El titular no autoriza el establecimiento de un enlace a la p\u00e1gina web desde aquellos sitios web que contengan materiales, informaci\u00f3n o contenidos il\u00edcitos, ilegales, degradantes, obscenos y, en general, que contravengan la moral, el orden p\u00fablico o las normas sociales generalmente aceptadas.<\/li>\n<li>El titular no tiene facultad ni medios humanos y t\u00e9cnicos para conocer, controlar, ni aprobar toda la informaci\u00f3n, contenidos, productos o servicios facilitados por otros sitios web que tengan establecidos enlaces con destino a la p\u00e1gina web. El titular no asume ning\u00fan tipo de responsabilidad por cualquier aspecto relativo al sitio web que establezca ese enlace con destino a la p\u00e1gina web, en concreto a t\u00edtulo enunciativo y no taxativo, sobre su funcionamiento, acceso, datos, informaci\u00f3n, archivos, calidad y fiabilidad de sus productos y servicios, sus propios enlaces y\/o cualquiera de sus contenidos, en general.<\/li>\n<\/ul>\n<div>&nbsp;<\/div>\n<div>&nbsp;<\/div>\n<div>&nbsp;<\/div>\n<p><\/p>\n<p><b>SERVICIOS PRESTADOS POR TERCEROS A TRAV\u00c9S DE LA P\u00c1GINA WEB<\/b><\/p>\n<p><b>&nbsp;<\/b><\/p>\n<p><\/p>\n<p>El titular no garantiza la licitud, fiabilidad y utilidad de los servicios prestados por terceros a trav\u00e9s de la p\u00e1gina web o sobre los que el titular \u00fanicamente act\u00fae como mero cauce publicitario.<\/p><p><br><\/p><p><br><\/p>\n<p><\/p>\n<p><b>SEGURIDAD<\/b><\/p>\n<p><b>&nbsp;<\/b><\/p>\n<p><\/p>\n<p>Los servicios de acceso a informaci\u00f3n se ejecutan en un entorno seguro, utilizando protocolos de protecci\u00f3n de los datos comunicados. El servidor seguro establece una conexi\u00f3n que implica que la informaci\u00f3n se transmite cifrada. El usuario puede comprobar que se encuentra dentro de un entorno seguro si en la barra de estado de su navegador aparece un candado cerrado.<\/p><p><br><\/p><p><br><\/p>\n<p><\/p>\n<p><b>UTILIZACI\u00d3N DEL SITIO WEB<\/b><\/p>\n<p><b>&nbsp;<\/b><\/p>\n<p><\/p>\n<p>Para utilizar algunas partes de la p\u00e1gina web, y\/o contratar alg\u00fan bien o servicio a trav\u00e9s de la misma, es posible que el usuario tenga que crear una cuenta y\/o realizar un registro.<\/p><p><br><\/p>\n<p>El usuario ser\u00e1 responsable de aportar informaci\u00f3n veraz y l\u00edcita. Si como consecuencia del registro, se dotara al usuario de una contrase\u00f1a, \u00e9ste se compromete a hacer un uso diligente y a mantener en secreto la contrase\u00f1a de acceso. Es su responsabilidad custodiar la contrase\u00f1a.<\/p><p><br><\/p>\n<p>En consecuencia, los usuarios son responsables de la adecuada custodia y confidencialidad de cualesquiera identificadores y\/o contrase\u00f1as que le sean suministradas, y se comprometen a no ceder su uso a terceros, ya sea temporal o permanente, ni a permitir su acceso a personas ajenas. Ser\u00e1 responsabilidad del usuario la utilizaci\u00f3n il\u00edcita de los servicios por cualquier tercero ileg\u00edtimo que emplee a tal efecto una contrase\u00f1a a causa de una utilizaci\u00f3n no diligente o de la p\u00e9rdida de la misma por el usuario.<\/p><p><br><\/p><p><br><\/p>\n<p><\/p>\n<p><b>ENV\u00cdO DE COMUNICACIONES COMERCIALES<\/b><\/p>\n<p><b>&nbsp;<\/b><\/p>\n<p><\/p>\n<p>Mediante la validaci\u00f3n de cualquier casilla habilitada al efecto en el sitio web o el registro voluntario para recibir newsletters, el usuario consiente expresamente la recepci\u00f3n de comunicaciones comerciales v\u00eda correo electr\u00f3nico por parte del titular, relacionadas con los productos o servicios que ofrece ella misma en relaci\u00f3n con los eventos que desarrolla, o bien alguna de las empresas que componen el grupo LAST TOUR y que se detallan en nuestra Pol\u00edtica de Privacidad.<\/p><p><br><\/p>\n<p>En el caso de usuarios con los que exista una relaci\u00f3n contractual previa, el titular est\u00e1 autorizado al env\u00edo de comunicaciones comerciales referentes a productos o servicios que sean similares a los que inicialmente fueron objeto de contrataci\u00f3n con el usuario.<\/p><p><br><\/p>\n<p>El usuario podr\u00e1 renunciar en cualquier momento a recibir cualquier tipo de comunicaci\u00f3n enviando un correo electr\u00f3nico a&nbsp;dpo@lasttour.net, manifestando dicha intenci\u00f3n de renuncia.<\/p><p><br><\/p><p><br><\/p>\n<p><\/p>\n<p><b>MENORES DE EDAD<\/b><\/p>\n<p><b>&nbsp;<\/b><\/p>\n<p>S\u00f3lo aquellos usuarios mayores de 14 a\u00f1os podr\u00e1n suministrar informaci\u00f3n personal en el sitio web para ser incluida en las bases de datos del titular. Sin embargo, mediando el previo consentimiento de sus padres, tutores o responsables legales podr\u00e1n proceder a la inclusi\u00f3n de sus datos personales en los formularios del sitio web.<\/p><p><br><\/p><p><br><\/p>\n<p><\/p>\n<p><b>PARTICIPACI\u00d3N DE LOS USUARIOS<\/b><\/p>\n<p><b>&nbsp;<\/b><\/p>\n<p>Algunas partes de la p\u00e1gina web pueden permitir la participaci\u00f3n de los usuarios mediante comentarios, y\/u otros modos de participaci\u00f3n an\u00e1logos o accesorios de los mismos, pudiendo en tal caso cualquier usuario enviar textos, y\/u otros elementos, a trav\u00e9s del formulario establecido a tal efecto. Al enviar dichos textos, y\/u otros elementos, haciendo click en el enlace, bot\u00f3n y\/o banner correspondiente, el usuario acepta:<\/p><p><br><\/p>\n<ul>\n<li>Respetar la legislaci\u00f3n aplicable, la moral y buenas costumbres generalmente aceptadas, el orden p\u00fablico y las presentes condiciones generales de uso.<\/li>\n<li>Remitir \u00fanicamente opiniones y comentarios l\u00edcitos y veraces, ajustados a la tem\u00e1tica que corresponda.<\/li>\n<li>Conferir al titular licencia tan amplia como en derecho se requiera para la publicaci\u00f3n de los textos en Internet.<\/li>\n<li>Abstenerse de enviar contenidos o enlaces difamatorios, injuriosos, ofensivos, insultantes, racistas, obscenos, amenazadores o discriminatorios; as\u00ed como comerciales, promocionales o publicitarios.<\/li>\n<\/ul>\n<div>&nbsp;<\/div>\n<p>Del mismo modo, los usuarios reconocen:<\/p><p><br><\/p>\n<ul>\n<li>Que el titular no responder\u00e1 de forma alguna por las opiniones vertidas por los usuarios, ni por su participaci\u00f3n, intervenci\u00f3n, y\/o acciones, todos los cuales se llevan a cabo bajo su \u00fanica y exclusiva responsabilidad.<\/li>\n<li>Que los comentarios de los usuarios no representan las opiniones del titular, de sus socios, administradores, ni de sus empleados.<\/li>\n<li>Que el titular no garantiza, en ning\u00fan caso, la publicaci\u00f3n de los contenidos enviados por los usuarios.<\/li>\n<li>Que el titular podr\u00e1 eliminar aquellos comentarios y\/o contenidos que no cumplan con las presentes normas de participaci\u00f3n, y\/o que supongan o puedan suponer una infracci\u00f3n legal de cualquier tipo.<\/li>\n<\/ul>\n<div>&nbsp;<\/div>\n<div>&nbsp;<\/div>\n<p><b>LEGISLACI\u00d3N APLICABLE Y JURISDICCI\u00d3N COMPETENTE<\/b><\/p>\n<p><b><br><\/b><\/p>\n<p><\/p>\n<p>El presente aviso legal, se regir\u00e1 e interpretar\u00e1 con arreglo a la legislaci\u00f3n espa\u00f1ola. Cualquier controversia que pudiera derivarse del acceso o la utilizaci\u00f3n de la p\u00e1gina web se someter\u00e1 a la exclusiva jurisdicci\u00f3n de los Juzgados y Tribunales de Bilbao (Espa\u00f1a).<\/p>\n<p><\/p>\t\t\t\t\t\t\t\t<\/div>\n\t\t\t\t<\/div>\n\t\t\t\t\t<\/div>\n\t\t<\/div>\n\t\t\t\t\t<\/div>\n\t\t<\/section>\n\t\t\t\t<\/div>\n\t\t","protected":false},"excerpt":{"rendered":"<p>AVISO LEGAL Y CONDICIONES DE USO OBJETO Y \u00c1MBITO DE APLICACI\u00d3N &nbsp; Este texto (en lo sucesivo, el \u201caviso legal\u201d) establece las condiciones de uso [&hellip;]<\/p>\n","protected":false},"author":1,"featured_media":0,"parent":0,"menu_order":0,"comment_status":"closed","ping_status":"closed","template":"","meta":{"novablocks_hero_scroll_indicator":false,"novablocks_hero_position_indicators":false,"supernova_prevent_duplicate":false,"footnotes":""},"class_list":["post-2956","page","type-page","status-publish","hentry"],"yoast_head":"<!-- This site is optimized with the Yoast SEO plugin v26.4 - https:\/\/yoast.com\/wordpress\/plugins\/seo\/ -->\n<title>Aviso legal y condiciones de uso - Lasai Restaurante<\/title>\n<meta name=\"robots\" content=\"noindex, follow\" \/>\n<meta property=\"og:locale\" content=\"es_ES\" \/>\n<meta property=\"og:type\" content=\"article\" \/>\n<meta property=\"og:title\" content=\"Aviso legal y condiciones de uso - Lasai Restaurante\" \/>\n<meta property=\"og:description\" content=\"AVISO LEGAL Y CONDICIONES DE USO OBJETO Y \u00c1MBITO DE APLICACI\u00d3N &nbsp; Este texto (en lo sucesivo, el \u201caviso legal\u201d) establece las condiciones de uso [&hellip;]\" \/>\n<meta property=\"og:url\" content=\"https:\/\/lasaibilbao.com\/index.php\/aviso-legal\/\" \/>\n<meta property=\"og:site_name\" content=\"Lasai Restaurante\" \/>\n<meta property=\"article:modified_time\" content=\"2024-03-12T08:40:34+00:00\" \/>\n<meta name=\"twitter:card\" content=\"summary_large_image\" \/>\n<meta name=\"twitter:site\" content=\"@lasaibilbao\" \/>\n<meta name=\"twitter:label1\" content=\"Tiempo de lectura\" \/>\n\t<meta name=\"twitter:data1\" content=\"9 minutos\" \/>\n<script type=\"application\/ld+json\" class=\"yoast-schema-graph\">{\"@context\":\"https:\/\/schema.org\",\"@graph\":[{\"@type\":\"WebPage\",\"@id\":\"https:\/\/lasaibilbao.com\/index.php\/aviso-legal\/\",\"url\":\"https:\/\/lasaibilbao.com\/index.php\/aviso-legal\/\",\"name\":\"Aviso legal y condiciones de uso - Lasai Restaurante\",\"isPartOf\":{\"@id\":\"https:\/\/lasaibilbao.com\/#website\"},\"datePublished\":\"2023-01-18T12:38:11+00:00\",\"dateModified\":\"2024-03-12T08:40:34+00:00\",\"breadcrumb\":{\"@id\":\"https:\/\/lasaibilbao.com\/index.php\/aviso-legal\/#breadcrumb\"},\"inLanguage\":\"es\",\"potentialAction\":[{\"@type\":\"ReadAction\",\"target\":[\"https:\/\/lasaibilbao.com\/index.php\/aviso-legal\/\"]}]},{\"@type\":\"BreadcrumbList\",\"@id\":\"https:\/\/lasaibilbao.com\/index.php\/aviso-legal\/#breadcrumb\",\"itemListElement\":[{\"@type\":\"ListItem\",\"position\":1,\"name\":\"Portada\",\"item\":\"https:\/\/lasaibilbao.com\/\"},{\"@type\":\"ListItem\",\"position\":2,\"name\":\"Aviso legal y condiciones de uso\"}]},{\"@type\":\"WebSite\",\"@id\":\"https:\/\/lasaibilbao.com\/#website\",\"url\":\"https:\/\/lasaibilbao.com\/\",\"name\":\"Lasai Restaurante\",\"description\":\"Bilbao\",\"publisher\":{\"@id\":\"https:\/\/lasaibilbao.com\/#organization\"},\"potentialAction\":[{\"@type\":\"SearchAction\",\"target\":{\"@type\":\"EntryPoint\",\"urlTemplate\":\"https:\/\/lasaibilbao.com\/?s={search_term_string}\"},\"query-input\":{\"@type\":\"PropertyValueSpecification\",\"valueRequired\":true,\"valueName\":\"search_term_string\"}}],\"inLanguage\":\"es\"},{\"@type\":\"Organization\",\"@id\":\"https:\/\/lasaibilbao.com\/#organization\",\"name\":\"Lasai Restaurante Bilbao\",\"url\":\"https:\/\/lasaibilbao.com\/\",\"logo\":{\"@type\":\"ImageObject\",\"inLanguage\":\"es\",\"@id\":\"https:\/\/lasaibilbao.com\/#\/schema\/logo\/image\/\",\"url\":\"https:\/\/lasaibilbao.com\/wp-content\/uploads\/2022\/10\/cropped-LASAI-REST-NEGRO-1.png\",\"contentUrl\":\"https:\/\/lasaibilbao.com\/wp-content\/uploads\/2022\/10\/cropped-LASAI-REST-NEGRO-1.png\",\"width\":2260,\"height\":675,\"caption\":\"Lasai Restaurante Bilbao\"},\"image\":{\"@id\":\"https:\/\/lasaibilbao.com\/#\/schema\/logo\/image\/\"},\"sameAs\":[\"https:\/\/x.com\/lasaibilbao\",\"https:\/\/instagram.com\/lasaibilbao\"]}]}<\/script>\n<!-- \/ Yoast SEO plugin. -->","yoast_head_json":{"title":"Aviso legal y condiciones de uso - Lasai Restaurante","robots":{"index":"noindex","follow":"follow"},"og_locale":"es_ES","og_type":"article","og_title":"Aviso legal y condiciones de uso - Lasai Restaurante","og_description":"AVISO LEGAL Y CONDICIONES DE USO OBJETO Y \u00c1MBITO DE APLICACI\u00d3N &nbsp; Este texto (en lo sucesivo, el \u201caviso legal\u201d) establece las condiciones de uso [&hellip;]","og_url":"https:\/\/lasaibilbao.com\/index.php\/aviso-legal\/","og_site_name":"Lasai Restaurante","article_modified_time":"2024-03-12T08:40:34+00:00","twitter_card":"summary_large_image","twitter_site":"@lasaibilbao","twitter_misc":{"Tiempo de lectura":"9 minutos"},"schema":{"@context":"https:\/\/schema.org","@graph":[{"@type":"WebPage","@id":"https:\/\/lasaibilbao.com\/index.php\/aviso-legal\/","url":"https:\/\/lasaibilbao.com\/index.php\/aviso-legal\/","name":"Aviso legal y condiciones de uso - Lasai Restaurante","isPartOf":{"@id":"https:\/\/lasaibilbao.com\/#website"},"datePublished":"2023-01-18T12:38:11+00:00","dateModified":"2024-03-12T08:40:34+00:00","breadcrumb":{"@id":"https:\/\/lasaibilbao.com\/index.php\/aviso-legal\/#breadcrumb"},"inLanguage":"es","potentialAction":[{"@type":"ReadAction","target":["https:\/\/lasaibilbao.com\/index.php\/aviso-legal\/"]}]},{"@type":"BreadcrumbList","@id":"https:\/\/lasaibilbao.com\/index.php\/aviso-legal\/#breadcrumb","itemListElement":[{"@type":"ListItem","position":1,"name":"Portada","item":"https:\/\/lasaibilbao.com\/"},{"@type":"ListItem","position":2,"name":"Aviso legal y condiciones de uso"}]},{"@type":"WebSite","@id":"https:\/\/lasaibilbao.com\/#website","url":"https:\/\/lasaibilbao.com\/","name":"Lasai Restaurante","description":"Bilbao","publisher":{"@id":"https:\/\/lasaibilbao.com\/#organization"},"potentialAction":[{"@type":"SearchAction","target":{"@type":"EntryPoint","urlTemplate":"https:\/\/lasaibilbao.com\/?s={search_term_string}"},"query-input":{"@type":"PropertyValueSpecification","valueRequired":true,"valueName":"search_term_string"}}],"inLanguage":"es"},{"@type":"Organization","@id":"https:\/\/lasaibilbao.com\/#organization","name":"Lasai Restaurante Bilbao","url":"https:\/\/lasaibilbao.com\/","logo":{"@type":"ImageObject","inLanguage":"es","@id":"https:\/\/lasaibilbao.com\/#\/schema\/logo\/image\/","url":"https:\/\/lasaibilbao.com\/wp-content\/uploads\/2022\/10\/cropped-LASAI-REST-NEGRO-1.png","contentUrl":"https:\/\/lasaibilbao.com\/wp-content\/uploads\/2022\/10\/cropped-LASAI-REST-NEGRO-1.png","width":2260,"height":675,"caption":"Lasai Restaurante Bilbao"},"image":{"@id":"https:\/\/lasaibilbao.com\/#\/schema\/logo\/image\/"},"sameAs":["https:\/\/x.com\/lasaibilbao","https:\/\/instagram.com\/lasaibilbao"]}]}},"_links":{"self":[{"href":"https:\/\/lasaibilbao.com\/index.php\/wp-json\/wp\/v2\/pages\/2956","targetHints":{"allow":["GET"]}}],"collection":[{"href":"https:\/\/lasaibilbao.com\/index.php\/wp-json\/wp\/v2\/pages"}],"about":[{"href":"https:\/\/lasaibilbao.com\/index.php\/wp-json\/wp\/v2\/types\/page"}],"author":[{"embeddable":true,"href":"https:\/\/lasaibilbao.com\/index.php\/wp-json\/wp\/v2\/users\/1"}],"replies":[{"embeddable":true,"href":"https:\/\/lasaibilbao.com\/index.php\/wp-json\/wp\/v2\/comments?post=2956"}],"version-history":[{"count":6,"href":"https:\/\/lasaibilbao.com\/index.php\/wp-json\/wp\/v2\/pages\/2956\/revisions"}],"predecessor-version":[{"id":2965,"href":"https:\/\/lasaibilbao.com\/index.php\/wp-json\/wp\/v2\/pages\/2956\/revisions\/2965"}],"wp:attachment":[{"href":"https:\/\/lasaibilbao.com\/index.php\/wp-json\/wp\/v2\/media?parent=2956"}],"curies":[{"name":"wp","href":"https:\/\/api.w.org\/{rel}","templated":true}]}}